{"id":583,"date":"2022-04-05T12:27:55","date_gmt":"2022-04-05T10:27:55","guid":{"rendered":"https:\/\/frieden.compact-online.de\/?page_id=583"},"modified":"2024-03-14T07:09:57","modified_gmt":"2024-03-14T06:09:57","slug":"warum-krieg-2","status":"publish","type":"page","link":"https:\/\/frieden.compact-online.de\/?page_id=583","title":{"rendered":"Unterst\u00fctzen"},"content":{"rendered":"\t\t<div data-elementor-type=\"wp-page\" data-elementor-id=\"583\" class=\"elementor elementor-583\" data-elementor-post-type=\"page\">\n\t\t\t\t\t\t<section class=\"elementor-section elementor-top-section elementor-element elementor-element-b6a69e1 elementor-section-boxed elementor-section-height-default elementor-section-height-default\" data-id=\"b6a69e1\" data-element_type=\"section\" data-e-type=\"section\">\n\t\t\t\t\t\t<div class=\"elementor-container elementor-column-gap-default\">\n\t\t\t\t\t<div class=\"elementor-column elementor-col-100 elementor-top-column elementor-element elementor-element-3a98883\" data-id=\"3a98883\" data-element_type=\"column\" data-e-type=\"column\">\n\t\t\t<div class=\"elementor-widget-wrap elementor-element-populated\">\n\t\t\t\t\t\t<div class=\"elementor-element elementor-element-848d0a4 elementor-nav-menu__align-start elementor-nav-menu--dropdown-mobile elementor-nav-menu__text-align-aside elementor-nav-menu--toggle elementor-nav-menu--burger elementor-invisible elementor-widget elementor-widget-nav-menu\" data-id=\"848d0a4\" data-element_type=\"widget\" data-e-type=\"widget\" data-settings=\"{&quot;_animation&quot;:&quot;slideInLeft&quot;,&quot;_animation_delay&quot;:400,&quot;layout&quot;:&quot;horizontal&quot;,&quot;submenu_icon&quot;:{&quot;value&quot;:&quot;&lt;i class=\\&quot;fas fa-caret-down\\&quot; aria-hidden=\\&quot;true\\&quot;&gt;&lt;\\\/i&gt;&quot;,&quot;library&quot;:&quot;fa-solid&quot;},&quot;toggle&quot;:&quot;burger&quot;}\" data-widget_type=\"nav-menu.default\">\n\t\t\t\t<div class=\"elementor-widget-container\">\n\t\t\t\t\t\t\t\t<nav aria-label=\"Men\u00fc\" class=\"elementor-nav-menu--main elementor-nav-menu__container elementor-nav-menu--layout-horizontal e--pointer-none\">\n\t\t\t\t<ul id=\"menu-1-848d0a4\" class=\"elementor-nav-menu\"><li class=\"menu-item menu-item-type-post_type menu-item-object-page menu-item-home menu-item-174\"><a href=\"https:\/\/frieden.compact-online.de\/\" class=\"elementor-item\">Start<\/a><\/li>\n<li class=\"menu-item menu-item-type-post_type menu-item-object-page menu-item-253\"><a href=\"https:\/\/frieden.compact-online.de\/?page_id=247\" class=\"elementor-item\">Warum Krieg?<\/a><\/li>\n<li class=\"menu-item menu-item-type-post_type menu-item-object-page menu-item-203\"><a href=\"https:\/\/frieden.compact-online.de\/?page_id=197\" class=\"elementor-item\">Warum Neutralit\u00e4t?<\/a><\/li>\n<li class=\"menu-item menu-item-type-post_type menu-item-object-page menu-item-240\"><a href=\"https:\/\/frieden.compact-online.de\/?page_id=229\" class=\"elementor-item\">Hintergrundwissen<\/a><\/li>\n<li class=\"menu-item menu-item-type-custom menu-item-object-custom menu-item-706\"><a href=\"https:\/\/www.youtube.com\/@COMPACTTV\" class=\"elementor-item\">COMPACT-TV<\/a><\/li>\n<li class=\"menu-item menu-item-type-custom menu-item-object-custom menu-item-409\"><a href=\"https:\/\/www.compact-shop.de\/produktkategorie\/fanartikel\/\" class=\"elementor-item\">Material bestellen<\/a><\/li>\n<\/ul>\t\t\t<\/nav>\n\t\t\t\t\t<div class=\"elementor-menu-toggle\" role=\"button\" tabindex=\"0\" aria-label=\"Men\u00fc Umschalter\" aria-expanded=\"false\">\n\t\t\t<i aria-hidden=\"true\" role=\"presentation\" class=\"elementor-menu-toggle__icon--open eicon-menu-bar\"><\/i><i aria-hidden=\"true\" role=\"presentation\" class=\"elementor-menu-toggle__icon--close eicon-close\"><\/i>\t\t<\/div>\n\t\t\t\t\t<nav class=\"elementor-nav-menu--dropdown elementor-nav-menu__container\" aria-hidden=\"true\">\n\t\t\t\t<ul id=\"menu-2-848d0a4\" class=\"elementor-nav-menu\"><li class=\"menu-item menu-item-type-post_type menu-item-object-page menu-item-home menu-item-174\"><a href=\"https:\/\/frieden.compact-online.de\/\" class=\"elementor-item\" tabindex=\"-1\">Start<\/a><\/li>\n<li class=\"menu-item menu-item-type-post_type menu-item-object-page menu-item-253\"><a href=\"https:\/\/frieden.compact-online.de\/?page_id=247\" class=\"elementor-item\" tabindex=\"-1\">Warum Krieg?<\/a><\/li>\n<li class=\"menu-item menu-item-type-post_type menu-item-object-page menu-item-203\"><a href=\"https:\/\/frieden.compact-online.de\/?page_id=197\" class=\"elementor-item\" tabindex=\"-1\">Warum Neutralit\u00e4t?<\/a><\/li>\n<li class=\"menu-item menu-item-type-post_type menu-item-object-page menu-item-240\"><a href=\"https:\/\/frieden.compact-online.de\/?page_id=229\" class=\"elementor-item\" tabindex=\"-1\">Hintergrundwissen<\/a><\/li>\n<li class=\"menu-item menu-item-type-custom menu-item-object-custom menu-item-706\"><a href=\"https:\/\/www.youtube.com\/@COMPACTTV\" class=\"elementor-item\" tabindex=\"-1\">COMPACT-TV<\/a><\/li>\n<li class=\"menu-item menu-item-type-custom menu-item-object-custom menu-item-409\"><a href=\"https:\/\/www.compact-shop.de\/produktkategorie\/fanartikel\/\" class=\"elementor-item\" tabindex=\"-1\">Material bestellen<\/a><\/li>\n<\/ul>\t\t\t<\/nav>\n\t\t\t\t\t\t<\/div>\n\t\t\t\t<\/div>\n\t\t\t\t<div class=\"elementor-element elementor-element-9f8cf26 elementor-absolute elementor-invisible elementor-widget elementor-widget-image\" data-id=\"9f8cf26\" data-element_type=\"widget\" data-e-type=\"widget\" data-settings=\"{&quot;_animation&quot;:&quot;slideInRight&quot;,&quot;_animation_delay&quot;:400,&quot;_position&quot;:&quot;absolute&quot;,&quot;motion_fx_motion_fx_mouse&quot;:&quot;yes&quot;,&quot;motion_fx_tilt_effect&quot;:&quot;yes&quot;,&quot;motion_fx_tilt_speed&quot;:{&quot;unit&quot;:&quot;px&quot;,&quot;size&quot;:5.2,&quot;sizes&quot;:[]}}\" data-widget_type=\"image.default\">\n\t\t\t\t<div class=\"elementor-widget-container\">\n\t\t\t\t\t\t\t\t\t\t\t\t\t\t\t<img fetchpriority=\"high\" decoding=\"async\" width=\"800\" height=\"820\" src=\"https:\/\/frieden.compact-online.de\/wp-content\/uploads\/2022\/03\/taube.png\" class=\"attachment-large size-large wp-image-52\" alt=\"\" srcset=\"https:\/\/frieden.compact-online.de\/wp-content\/uploads\/2022\/03\/taube.png 1000w, https:\/\/frieden.compact-online.de\/wp-content\/uploads\/2022\/03\/taube-293x300.png 293w, https:\/\/frieden.compact-online.de\/wp-content\/uploads\/2022\/03\/taube-768x787.png 768w\" sizes=\"(max-width: 800px) 100vw, 800px\" \/>\t\t\t\t\t\t\t\t\t\t\t\t\t\t\t<\/div>\n\t\t\t\t<\/div>\n\t\t\t\t\t<\/div>\n\t\t<\/div>\n\t\t\t\t\t<\/div>\n\t\t<\/section>\n\t\t<div class=\"elementor-element elementor-element-100c4be e-flex e-con-boxed e-con e-parent\" data-id=\"100c4be\" data-element_type=\"container\" data-e-type=\"container\" data-settings=\"{&quot;motion_fx_motion_fx_scrolling&quot;:&quot;yes&quot;,&quot;motion_fx_translateY_effect&quot;:&quot;yes&quot;,&quot;motion_fx_devices&quot;:[&quot;desktop&quot;],&quot;motion_fx_translateY_speed&quot;:{&quot;unit&quot;:&quot;px&quot;,&quot;size&quot;:4,&quot;sizes&quot;:[]},&quot;motion_fx_translateY_affectedRange&quot;:{&quot;unit&quot;:&quot;%&quot;,&quot;size&quot;:&quot;&quot;,&quot;sizes&quot;:{&quot;start&quot;:0,&quot;end&quot;:100}}}\">\n\t\t\t\t\t<div class=\"e-con-inner\">\n\t\t<div class=\"elementor-element elementor-element-e17c7db e-con-full e-flex elementor-invisible e-con e-child\" data-id=\"e17c7db\" data-element_type=\"container\" data-e-type=\"container\" data-settings=\"{&quot;background_background&quot;:&quot;classic&quot;,&quot;animation&quot;:&quot;fadeIn&quot;,&quot;animation_delay&quot;:500}\">\n\t\t\t\t<div class=\"elementor-element elementor-element-718e135 elementor-widget elementor-widget-text-editor\" data-id=\"718e135\" data-element_type=\"widget\" data-e-type=\"widget\" data-widget_type=\"text-editor.default\">\n\t\t\t\t<div class=\"elementor-widget-container\">\n\t\t\t\t\t\t\t\t\t<p><b>J\u00fcrgen Els\u00e4sser spricht<\/b><\/p>\t\t\t\t\t\t\t\t<\/div>\n\t\t\t\t<\/div>\n\t\t\t\t<div class=\"elementor-element elementor-element-d820c96 elementor-widget elementor-widget-text-editor\" data-id=\"d820c96\" data-element_type=\"widget\" data-e-type=\"widget\" data-widget_type=\"text-editor.default\">\n\t\t\t\t<div class=\"elementor-widget-container\">\n\t\t\t\t\t\t\t\t\t<p><strong>Jetzt ist h\u00f6chste Zeit, f\u00fcr den Frieden aktiv zu werden! Deutschland muss raus aus der NATO-Kriegsfront! Kommen sie zu meinen Veranstaltungen!<\/strong><\/p><p>Liefert die Bundesregierung jetzt auch schwere Waffen an die Ukraine? Obwohl Selenski und sein Botschafter die Bundesregierung st\u00e4ndig beleidigen? \u00dcberspannen die Kriegstreiber damit den Bogen? Zumal die B\u00fcrger jetzt die Auswirkungen der NATO-Kriegspolitik unmittelbar im Geldbeutel sp\u00fcren\u2026\u00a0 Die Energiepreise gehen durch die Decke, weil Baerbock und Co. aus manischem Russenhass die Nord Stream 2-Pipeline sabotiert haben und lieber auf teures und umweltscha\u0308dliches amerikanisches Flu\u0308ssiggas umsteigen wollen. Die Inflation ist auf dem h\u00f6chsten Stand seit 1981, bei vielen Grundnahrungsmitteln zweistellig. \u00abKanonen statt Butter\u00bb hei\u00dft das Programm der Ampel \u2013 die B\u00fcrger d\u00fcrfen es ausbaden.<\/p><p>Die Zuspitzung zeigt: Jetzt ist h\u00f6chste Zeit, f\u00fcr den Frieden aktiv zu werden! Deutschland muss raus aus der NATO-Kriegsfront, sonst gehen bei uns die Lichter aus und wir werden durch die Sanktionen zerschreddert, die uns mehr sch\u00e4digen als Russland.<\/p><p>Es\u00a0 ist wichtig, dass wir den Druck an der Meinungsfront weiter aufrechterhalten. Jeder kann dazu beitragen. Neben unserer Petition \u00abFrieden mit Russland\u00bb (<a href=\"https:\/\/frieden.compact-online.de\/\">hier unterschreiben<\/a>) k\u00f6nnen Sie f\u00fcr den Frieden aktiv werden, indem Sie unsere gleichnamigen <a href=\"https:\/\/www.compact-shop.de\/produktkategorie\/fanartikel\/\">Flyer und Aufkleber<\/a> sowie unsere Aufkl\u00e4rungsbrosch\u00fcre <a href=\"https:\/\/www.compact-shop.de\/shop\/compact-spezial\/compact-spezial-33-feindbild-russland\/\">\u00abFeindbild Russland \u2013 Die NATO marschiert\u00bb<\/a> unter die Leute bringen.<\/p><p>Ich selber will mein Gewicht in die Waagschale werfen und werde bei Veranstaltungen \u00abFu\u0308r den Frieden mit Russland\u00bb auftreten, die ich <strong>zusa\u0308tzlich<\/strong> zu meiner Lesereise mit meiner Biografie\u00a0 und <strong>zusa\u0308tzlich<\/strong> zu meiner redaktionellen Arbeit noch durchfu\u0308hren werde. Bisher plane ich folgende Auftritte:<\/p>\t\t\t\t\t\t\t\t<\/div>\n\t\t\t\t<\/div>\n\t\t\t\t<div class=\"elementor-element elementor-element-be4eee9 elementor-widget elementor-widget-image\" data-id=\"be4eee9\" data-element_type=\"widget\" data-e-type=\"widget\" data-widget_type=\"image.default\">\n\t\t\t\t<div class=\"elementor-widget-container\">\n\t\t\t\t\t\t\t\t\t\t\t\t\t\t\t<img decoding=\"async\" width=\"800\" height=\"536\" src=\"https:\/\/frieden.compact-online.de\/wp-content\/uploads\/2022\/04\/elsaesser_frieden-reden.jpg\" class=\"attachment-large size-large wp-image-636\" alt=\"\" srcset=\"https:\/\/frieden.compact-online.de\/wp-content\/uploads\/2022\/04\/elsaesser_frieden-reden.jpg 1000w, https:\/\/frieden.compact-online.de\/wp-content\/uploads\/2022\/04\/elsaesser_frieden-reden-300x201.jpg 300w, https:\/\/frieden.compact-online.de\/wp-content\/uploads\/2022\/04\/elsaesser_frieden-reden-768x515.jpg 768w\" sizes=\"(max-width: 800px) 100vw, 800px\" \/>\t\t\t\t\t\t\t\t\t\t\t\t\t\t\t<\/div>\n\t\t\t\t<\/div>\n\t\t\t\t<\/div>\n\t\t\t\t\t<\/div>\n\t\t\t\t<\/div>\n\t\t<div class=\"elementor-element elementor-element-3fee4a1 e-flex e-con-boxed e-con e-parent\" data-id=\"3fee4a1\" data-element_type=\"container\" data-e-type=\"container\" data-settings=\"{&quot;motion_fx_motion_fx_scrolling&quot;:&quot;yes&quot;,&quot;motion_fx_translateY_effect&quot;:&quot;yes&quot;,&quot;motion_fx_devices&quot;:[&quot;desktop&quot;],&quot;motion_fx_translateY_speed&quot;:{&quot;unit&quot;:&quot;px&quot;,&quot;size&quot;:4,&quot;sizes&quot;:[]},&quot;motion_fx_translateY_affectedRange&quot;:{&quot;unit&quot;:&quot;%&quot;,&quot;size&quot;:&quot;&quot;,&quot;sizes&quot;:{&quot;start&quot;:0,&quot;end&quot;:100}}}\">\n\t\t\t\t\t<div class=\"e-con-inner\">\n\t\t<div class=\"elementor-element elementor-element-1e467b6 e-con-full e-flex elementor-invisible e-con e-child\" data-id=\"1e467b6\" data-element_type=\"container\" data-e-type=\"container\" data-settings=\"{&quot;background_background&quot;:&quot;classic&quot;,&quot;animation&quot;:&quot;fadeIn&quot;,&quot;animation_delay&quot;:500}\">\n\t\t\t\t<div class=\"elementor-element elementor-element-f3ca598 elementor-widget elementor-widget-text-editor\" data-id=\"f3ca598\" data-element_type=\"widget\" data-e-type=\"widget\" data-widget_type=\"text-editor.default\">\n\t\t\t\t<div class=\"elementor-widget-container\">\n\t\t\t\t\t\t\t\t\t<p><b>COMPACT geht in die Offensive<\/b><\/p>\t\t\t\t\t\t\t\t<\/div>\n\t\t\t\t<\/div>\n\t\t<div class=\"elementor-element elementor-element-2cda749 e-con-full e-flex e-con e-child\" data-id=\"2cda749\" data-element_type=\"container\" data-e-type=\"container\">\n\t\t<div class=\"elementor-element elementor-element-f25f0ac e-con-full e-flex e-con e-child\" data-id=\"f25f0ac\" data-element_type=\"container\" data-e-type=\"container\">\n\t\t\t\t<div class=\"elementor-element elementor-element-7f58e4e elementor-widget elementor-widget-image\" data-id=\"7f58e4e\" data-element_type=\"widget\" data-e-type=\"widget\" data-widget_type=\"image.default\">\n\t\t\t\t<div class=\"elementor-widget-container\">\n\t\t\t\t\t\t\t\t\t\t\t\t\t\t\t<img decoding=\"async\" width=\"800\" height=\"534\" src=\"https:\/\/frieden.compact-online.de\/wp-content\/uploads\/2022\/04\/plakat.jpg\" class=\"attachment-large size-large wp-image-584\" alt=\"\" srcset=\"https:\/\/frieden.compact-online.de\/wp-content\/uploads\/2022\/04\/plakat.jpg 1000w, https:\/\/frieden.compact-online.de\/wp-content\/uploads\/2022\/04\/plakat-300x200.jpg 300w, https:\/\/frieden.compact-online.de\/wp-content\/uploads\/2022\/04\/plakat-768x512.jpg 768w\" sizes=\"(max-width: 800px) 100vw, 800px\" \/>\t\t\t\t\t\t\t\t\t\t\t\t\t\t\t<\/div>\n\t\t\t\t<\/div>\n\t\t\t\t<\/div>\n\t\t<div class=\"elementor-element elementor-element-43075d3 e-con-full e-flex e-con e-child\" data-id=\"43075d3\" data-element_type=\"container\" data-e-type=\"container\">\n\t\t\t\t<div class=\"elementor-element elementor-element-393cb96 elementor-widget elementor-widget-text-editor\" data-id=\"393cb96\" data-element_type=\"widget\" data-e-type=\"widget\" data-widget_type=\"text-editor.default\">\n\t\t\t\t<div class=\"elementor-widget-container\">\n\t\t\t\t\t\t\t\t\t<p>Die NATO liefert Angriffswaffen in die Ukraine, die NATO marschiert \u2013 ein Weltkrieg droht! Dagegen will COMPACT\u00a0 eine neue Friedensbewegung aufbauen! Neben dieser Webseite, auf der Sie sich als Unterst\u00fctzer f\u00fcr eine bundesweite Petition (\u00abKein Krieg \u2013 Kein Hass \u2013 Keine Waffenlieferungen \u2013 Keine Sanktionen\u00bb) eintragen k\u00f6nnen, stehen Flyer, Aufkleber und die Sonderausgabe \u00abFeindbild Russland \u2013 Die NATO marschiert\u00bb\u00a0zur Verf\u00fcgung. Am spektakul\u00e4rsten: Mit Gro\u00dffl\u00e4chenplakaten soll unsere Botschaft bundesweit auf Stra\u00dfen und Pl\u00e4tzen unters Volk gebracht werden.<\/p>\t\t\t\t\t\t\t\t<\/div>\n\t\t\t\t<\/div>\n\t\t\t\t<\/div>\n\t\t\t\t<\/div>\n\t\t<div class=\"elementor-element elementor-element-c3b603d e-con-full e-flex e-con e-child\" data-id=\"c3b603d\" data-element_type=\"container\" data-e-type=\"container\">\n\t\t<div class=\"elementor-element elementor-element-507f08b e-con-full e-flex e-con e-child\" data-id=\"507f08b\" data-element_type=\"container\" data-e-type=\"container\">\n\t\t\t\t<div class=\"elementor-element elementor-element-83b58eb elementor-widget elementor-widget-text-editor\" data-id=\"83b58eb\" data-element_type=\"widget\" data-e-type=\"widget\" data-widget_type=\"text-editor.default\">\n\t\t\t\t<div class=\"elementor-widget-container\">\n\t\t\t\t\t\t\t\t\t<p>Nat\u00fcrlich kommen mit alledem erhebliche Kosten auf uns zu. Zehntausende Anschreiben m\u00fcssen kuvertiert und verschickt werden, was mit stattlichen Portokosten verbunden ist. Das <a href=\"https:\/\/www.compact-shop.de\/produktkategorie\/fanartikel\/\">Kampagnenmaterial<\/a> muss gedruckt werden. Auch die Gro\u00dffl\u00e4chenplakate, mit denen unsere Botschaft auf Stra\u00dfen und Pl\u00e4tzen gut wahrnehmbar sein soll, sind teuer \u2013 wie viele davon wir aufstellen k\u00f6nnen, h\u00e4ngt von unserer Kriegskasse ab. 35.000 Euro sind das absolute Minimum. Wir hoffen auf Sie, liebe Unterst\u00fctzer! Spenden Sie per Paypal an <a href=\"mailto:verlag@compact-mail.de\">verlag@compact-mail.de<\/a>.<\/p>\t\t\t\t\t\t\t\t<\/div>\n\t\t\t\t<\/div>\n\t\t\t\t<\/div>\n\t\t\t\t<\/div>\n\t\t<div class=\"elementor-element elementor-element-be7dbf5 e-con-full e-flex e-con e-child\" data-id=\"be7dbf5\" data-element_type=\"container\" data-e-type=\"container\">\n\t\t<div class=\"elementor-element elementor-element-cf73296 e-con-full e-flex e-con e-child\" data-id=\"cf73296\" data-element_type=\"container\" data-e-type=\"container\">\n\t\t\t\t<div class=\"elementor-element elementor-element-c9d6ac0 elementor-align-right elementor-mobile-align-center elementor-widget elementor-widget-button\" data-id=\"c9d6ac0\" data-element_type=\"widget\" data-e-type=\"widget\" data-widget_type=\"button.default\">\n\t\t\t\t<div class=\"elementor-widget-container\">\n\t\t\t\t\t\t\t\t\t<div class=\"elementor-button-wrapper\">\n\t\t\t\t\t<a class=\"elementor-button elementor-button-link elementor-size-md\" href=\"https:\/\/www.compact-online.de\/unterstuetzen\/\">\n\t\t\t\t\t\t<span class=\"elementor-button-content-wrapper\">\n\t\t\t\t\t\t\t\t\t<span class=\"elementor-button-text\">Jetzt spenden<\/span>\n\t\t\t\t\t<\/span>\n\t\t\t\t\t<\/a>\n\t\t\t\t<\/div>\n\t\t\t\t\t\t\t\t<\/div>\n\t\t\t\t<\/div>\n\t\t\t\t<\/div>\n\t\t\t\t<\/div>\n\t\t\t\t<\/div>\n\t\t\t\t\t<\/div>\n\t\t\t\t<\/div>\n\t\t\t\t<section class=\"elementor-section elementor-top-section elementor-element elementor-element-296c202 elementor-section-boxed elementor-section-height-default elementor-section-height-default\" data-id=\"296c202\" data-element_type=\"section\" data-e-type=\"section\">\n\t\t\t\t\t\t<div class=\"elementor-container elementor-column-gap-default\">\n\t\t\t\t\t<div class=\"elementor-column elementor-col-100 elementor-top-column elementor-element elementor-element-d18c287 elementor-invisible\" data-id=\"d18c287\" data-element_type=\"column\" data-e-type=\"column\" data-settings=\"{&quot;background_background&quot;:&quot;classic&quot;,&quot;animation&quot;:&quot;fadeIn&quot;,&quot;animation_delay&quot;:0}\">\n\t\t\t<div class=\"elementor-widget-wrap elementor-element-populated\">\n\t\t\t\t\t\t<section class=\"elementor-section elementor-inner-section elementor-element elementor-element-ec6d662 elementor-section-boxed elementor-section-height-default elementor-section-height-default\" data-id=\"ec6d662\" data-element_type=\"section\" data-e-type=\"section\">\n\t\t\t\t\t\t<div class=\"elementor-container elementor-column-gap-default\">\n\t\t\t\t\t<div class=\"elementor-column elementor-col-50 elementor-inner-column elementor-element elementor-element-59dec65\" data-id=\"59dec65\" data-element_type=\"column\" data-e-type=\"column\">\n\t\t\t<div class=\"elementor-widget-wrap elementor-element-populated\">\n\t\t\t\t\t\t<div class=\"elementor-element elementor-element-2000002 elementor-widget elementor-widget-image\" data-id=\"2000002\" data-element_type=\"widget\" data-e-type=\"widget\" data-widget_type=\"image.default\">\n\t\t\t\t<div class=\"elementor-widget-container\">\n\t\t\t\t\t\t\t\t\t\t\t\t\t\t\t\t<a href=\"https:\/\/www.compact-online.de\">\n\t\t\t\t\t\t\t<img loading=\"lazy\" decoding=\"async\" width=\"500\" height=\"106\" src=\"https:\/\/frieden.compact-online.de\/wp-content\/uploads\/2022\/03\/Compact_neg.png\" class=\"attachment-large size-large wp-image-122\" alt=\"\" srcset=\"https:\/\/frieden.compact-online.de\/wp-content\/uploads\/2022\/03\/Compact_neg.png 500w, https:\/\/frieden.compact-online.de\/wp-content\/uploads\/2022\/03\/Compact_neg-300x64.png 300w\" sizes=\"(max-width: 500px) 100vw, 500px\" \/>\t\t\t\t\t\t\t\t<\/a>\n\t\t\t\t\t\t\t\t\t\t\t\t\t\t\t<\/div>\n\t\t\t\t<\/div>\n\t\t\t\t\t<\/div>\n\t\t<\/div>\n\t\t\t\t<div class=\"elementor-column elementor-col-50 elementor-inner-column elementor-element elementor-element-6a3be2a\" data-id=\"6a3be2a\" data-element_type=\"column\" data-e-type=\"column\">\n\t\t\t<div class=\"elementor-widget-wrap elementor-element-populated\">\n\t\t\t\t\t\t<div class=\"elementor-element elementor-element-085f9f4 elementor-icon-list--layout-inline elementor-align-start elementor-mobile-align-center elementor-list-item-link-full_width elementor-widget elementor-widget-icon-list\" data-id=\"085f9f4\" data-element_type=\"widget\" data-e-type=\"widget\" data-widget_type=\"icon-list.default\">\n\t\t\t\t<div class=\"elementor-widget-container\">\n\t\t\t\t\t\t\t<ul class=\"elementor-icon-list-items elementor-inline-items\">\n\t\t\t\t\t\t\t<li class=\"elementor-icon-list-item elementor-inline-item\">\n\t\t\t\t\t\t\t\t\t\t\t<a href=\"https:\/\/www.compact-online.de\/rechtliches\/impressum\/\">\n\n\t\t\t\t\t\t\t\t\t\t\t<span class=\"elementor-icon-list-text\">Impressum<\/span>\n\t\t\t\t\t\t\t\t\t\t\t<\/a>\n\t\t\t\t\t\t\t\t\t<\/li>\n\t\t\t\t\t\t\t\t<li class=\"elementor-icon-list-item elementor-inline-item\">\n\t\t\t\t\t\t\t\t\t\t\t<a href=\"https:\/\/www.compact-online.de\/rechtliches\/datenschutz\/\">\n\n\t\t\t\t\t\t\t\t\t\t\t<span class=\"elementor-icon-list-text\">Datenschutz<\/span>\n\t\t\t\t\t\t\t\t\t\t\t<\/a>\n\t\t\t\t\t\t\t\t\t<\/li>\n\t\t\t\t\t\t\t\t<li class=\"elementor-icon-list-item elementor-inline-item\">\n\t\t\t\t\t\t\t\t\t\t\t<a href=\"https:\/\/www.compact-online.de\/kontakt\/\">\n\n\t\t\t\t\t\t\t\t\t\t\t<span class=\"elementor-icon-list-text\">Kontakt<\/span>\n\t\t\t\t\t\t\t\t\t\t\t<\/a>\n\t\t\t\t\t\t\t\t\t<\/li>\n\t\t\t\t\t\t<\/ul>\n\t\t\t\t\t\t<\/div>\n\t\t\t\t<\/div>\n\t\t\t\t\t<\/div>\n\t\t<\/div>\n\t\t\t\t\t<\/div>\n\t\t<\/section>\n\t\t\t\t\t<\/div>\n\t\t<\/div>\n\t\t\t\t\t<\/div>\n\t\t<\/section>\n\t\t\t\t<\/div>\n\t\t","protected":false},"excerpt":{"rendered":"<p>J\u00fcrgen Els\u00e4sser spricht Jetzt ist h\u00f6chste Zeit, f\u00fcr den Frieden aktiv zu werden! Deutschland muss raus aus der NATO-Kriegsfront! Kommen sie zu meinen Veranstaltungen! Liefert die Bundesregierung jetzt auch schwere Waffen an die Ukraine? Obwohl Selenski und sein Botschafter die Bundesregierung st\u00e4ndig beleidigen? \u00dcberspannen die Kriegstreiber damit den Bogen? Zumal die B\u00fcrger jetzt die Auswirkungen [&hellip;]<\/p>\n","protected":false},"author":1,"featured_media":0,"parent":0,"menu_order":0,"comment_status":"closed","ping_status":"closed","template":"","meta":{"footnotes":""},"class_list":["post-583","page","type-page","status-publish","hentry"],"_links":{"self":[{"href":"https:\/\/frieden.compact-online.de\/index.php?rest_route=\/wp\/v2\/pages\/583","targetHints":{"allow":["GET"]}}],"collection":[{"href":"https:\/\/frieden.compact-online.de\/index.php?rest_route=\/wp\/v2\/pages"}],"about":[{"href":"https:\/\/frieden.compact-online.de\/index.php?rest_route=\/wp\/v2\/types\/page"}],"author":[{"embeddable":true,"href":"https:\/\/frieden.compact-online.de\/index.php?rest_route=\/wp\/v2\/users\/1"}],"replies":[{"embeddable":true,"href":"https:\/\/frieden.compact-online.de\/index.php?rest_route=%2Fwp%2Fv2%2Fcomments&post=583"}],"version-history":[{"count":28,"href":"https:\/\/frieden.compact-online.de\/index.php?rest_route=\/wp\/v2\/pages\/583\/revisions"}],"predecessor-version":[{"id":717,"href":"https:\/\/frieden.compact-online.de\/index.php?rest_route=\/wp\/v2\/pages\/583\/revisions\/717"}],"wp:attachment":[{"href":"https:\/\/frieden.compact-online.de\/index.php?rest_route=%2Fwp%2Fv2%2Fmedia&parent=583"}],"curies":[{"name":"wp","href":"https:\/\/api.w.org\/{rel}","templated":true}]}}